{"id":1726,"date":"2023-05-02T15:12:11","date_gmt":"2023-05-02T15:12:11","guid":{"rendered":"https:\/\/agrdeprado.eco\/advertencia-juridica\/"},"modified":"2024-01-22T13:26:33","modified_gmt":"2024-01-22T13:26:33","slug":"advertencia-juridica","status":"publish","type":"page","link":"https:\/\/agrdeprado.eco\/pt-pt\/advertencia-juridica\/","title":{"rendered":"Advert\u00eancia jur\u00eddica"},"content":{"rendered":"\t\t<div data-elementor-type=\"wp-page\" data-elementor-id=\"1726\" class=\"elementor elementor-1726 elementor-1049\" data-elementor-post-type=\"page\">\n\t\t\t\t\t\t<section class=\"elementor-section elementor-top-section elementor-element elementor-element-81d7473 elementor-section-full_width elementor-section-height-min-height elementor-section-height-default elementor-section-items-middle\" data-id=\"81d7473\" data-element_type=\"section\" data-e-type=\"section\" data-settings=\"{&quot;background_background&quot;:&quot;classic&quot;}\">\n\t\t\t\t\t\t<div class=\"elementor-container elementor-column-gap-default\">\n\t\t\t\t\t<div class=\"elementor-column elementor-col-100 elementor-top-column elementor-element elementor-element-3e80e9b\" data-id=\"3e80e9b\" data-element_type=\"column\" data-e-type=\"column\">\n\t\t\t<div class=\"elementor-widget-wrap elementor-element-populated\">\n\t\t\t\t\t\t<div class=\"elementor-element elementor-element-a14df76 elementor-widget elementor-widget-spacer\" data-id=\"a14df76\" data-element_type=\"widget\" data-e-type=\"widget\" data-widget_type=\"spacer.default\">\n\t\t\t\t<div class=\"elementor-widget-container\">\n\t\t\t\t\t\t\t<div class=\"elementor-spacer\">\n\t\t\t<div class=\"elementor-spacer-inner\"><\/div>\n\t\t<\/div>\n\t\t\t\t\t\t<\/div>\n\t\t\t\t<\/div>\n\t\t\t\t\t<\/div>\n\t\t<\/div>\n\t\t\t\t\t<\/div>\n\t\t<\/section>\n\t\t\t\t<section class=\"elementor-section elementor-top-section elementor-element elementor-element-bedd74c elementor-section-boxed elementor-section-height-default elementor-section-height-default\" data-id=\"bedd74c\" data-element_type=\"section\" data-e-type=\"section\">\n\t\t\t\t\t\t<div class=\"elementor-container elementor-column-gap-default\">\n\t\t\t\t\t<div class=\"elementor-column elementor-col-100 elementor-top-column elementor-element elementor-element-a7b3c82\" data-id=\"a7b3c82\" data-element_type=\"column\" data-e-type=\"column\">\n\t\t\t<div class=\"elementor-widget-wrap elementor-element-populated\">\n\t\t\t\t\t\t<div class=\"elementor-element elementor-element-96958aa elementor-widget elementor-widget-spacer\" data-id=\"96958aa\" data-element_type=\"widget\" data-e-type=\"widget\" data-widget_type=\"spacer.default\">\n\t\t\t\t<div class=\"elementor-widget-container\">\n\t\t\t\t\t\t\t<div class=\"elementor-spacer\">\n\t\t\t<div class=\"elementor-spacer-inner\"><\/div>\n\t\t<\/div>\n\t\t\t\t\t\t<\/div>\n\t\t\t\t<\/div>\n\t\t\t\t\t<\/div>\n\t\t<\/div>\n\t\t\t\t\t<\/div>\n\t\t<\/section>\n\t\t\t\t<section class=\"elementor-section elementor-top-section elementor-element elementor-element-3a98911 elementor-section-boxed elementor-section-height-default elementor-section-height-default\" data-id=\"3a98911\" data-element_type=\"section\" data-e-type=\"section\">\n\t\t\t\t\t\t<div class=\"elementor-container elementor-column-gap-default\">\n\t\t\t\t\t<div class=\"elementor-column elementor-col-100 elementor-top-column elementor-element elementor-element-58cc64e\" data-id=\"58cc64e\" data-element_type=\"column\" data-e-type=\"column\">\n\t\t\t<div class=\"elementor-widget-wrap elementor-element-populated\">\n\t\t\t\t\t\t<div class=\"elementor-element elementor-element-2d57f14 elementor-widget elementor-widget-text-editor\" data-id=\"2d57f14\" data-element_type=\"widget\" data-e-type=\"widget\" data-widget_type=\"text-editor.default\">\n\t\t\t\t<div class=\"elementor-widget-container\">\n\t\t\t\t\t\t\t\t\t<p><strong>Propriet\u00e1rio da p\u00e1gina<\/strong><br \/>Conforme estabelecido na Lei 34\/2.002 sobre Servi\u00e7os da Sociedade da Informa\u00e7\u00e3o e Com\u00e9rcio Eletr\u00f3nico, e no Regulamento (UE) 2016\/679 do Parlamento Europeu e do Conselho, de 27 de abril de 2016, relativo \u00e0 prote\u00e7\u00e3o das pessoas singulares no que diz respeito ao tratamento de dados pessoais e \u00e0 livre circula\u00e7\u00e3o desses dados,  voc\u00ea est\u00e1 informado que DEPRADO PLANTACIONES SL, \u00e9 o propriet\u00e1rio deste site, cujo nome de dom\u00ednio \u00e9 www.depradoplantaciones.com, seu endere\u00e7o de e-mail \u00e9 info@depradoplantaciones.com telefone +34 957488166. O endere\u00e7o do propriet\u00e1rio est\u00e1 localizado na Avda. Cervantes 6 escalera 3, BAJO Loca 1 de C\u00f3rdoba CP 14008 e com CIF: \u2014\u2014\u2013<\/p>\n<p><strong>Dados<\/strong><br \/>A navega\u00e7\u00e3o neste website n\u00e3o implica necessariamente que o utilizador forne\u00e7a ou deva fornecer dados pessoais. Os dados que possam ser fornecidos pelos utilizadores poder\u00e3o ser tratados pela DEPRADO PLANTACIONES SL como Respons\u00e1vel pelo tratamento, sendo sempre mantidos e tratados em territ\u00f3rio europeu. No caso da utiliza\u00e7\u00e3o de formul\u00e1rios para recolha de dados pessoais, a identifica\u00e7\u00e3o do utilizador ser\u00e1 entendida como verdadeira, uma vez que ser\u00e1 o utilizador que insere os seus dados nos formul\u00e1rios dispon\u00edveis no website, e que \u00e9 respons\u00e1vel pela sua veracidade. No momento do preenchimento dos formul\u00e1rios ser\u00e1 informado do car\u00e1cter volunt\u00e1rio ou obrigat\u00f3rio dos campos ou respostas a preencher. As informa\u00e7\u00f5es obrigat\u00f3rias s\u00e3o identificadas por um asterisco. A recusa em fornecer os dados qualificados como obrigat\u00f3rios significar\u00e1 a n\u00e3o presta\u00e7\u00e3o do servi\u00e7o ou informa\u00e7\u00e3o solicitada.<\/p>\n\t\t\t\t\t\t\t\t<\/div>\n\t\t\t\t<\/div>\n\t\t\t\t\t<\/div>\n\t\t<\/div>\n\t\t\t\t\t<\/div>\n\t\t<\/section>\n\t\t\t\t<section class=\"elementor-section elementor-top-section elementor-element elementor-element-0ff2f69 elementor-section-boxed elementor-section-height-default elementor-section-height-default\" data-id=\"0ff2f69\" data-element_type=\"section\" data-e-type=\"section\">\n\t\t\t\t\t\t<div class=\"elementor-container elementor-column-gap-default\">\n\t\t\t\t\t<div class=\"elementor-column elementor-col-100 elementor-top-column elementor-element elementor-element-122b22c\" data-id=\"122b22c\" data-element_type=\"column\" data-e-type=\"column\">\n\t\t\t<div class=\"elementor-widget-wrap elementor-element-populated\">\n\t\t\t\t\t\t<div class=\"elementor-element elementor-element-d158466 elementor-widget elementor-widget-spacer\" data-id=\"d158466\" data-element_type=\"widget\" data-e-type=\"widget\" data-widget_type=\"spacer.default\">\n\t\t\t\t<div class=\"elementor-widget-container\">\n\t\t\t\t\t\t\t<div class=\"elementor-spacer\">\n\t\t\t<div class=\"elementor-spacer-inner\"><\/div>\n\t\t<\/div>\n\t\t\t\t\t\t<\/div>\n\t\t\t\t<\/div>\n\t\t\t\t\t<\/div>\n\t\t<\/div>\n\t\t\t\t\t<\/div>\n\t\t<\/section>\n\t\t\t\t<\/div>\n\t\t","protected":false},"excerpt":{"rendered":"<p>Propriet\u00e1rio da p\u00e1ginaConforme estabelecido na Lei 34\/2.002 sobre Servi\u00e7os da Sociedade da Informa\u00e7\u00e3o e Com\u00e9rcio Eletr\u00f3nico, e no Regulamento (UE) 2016\/679 do Parlamento Europeu e do Conselho, de 27 de abril de 2016, relativo \u00e0 prote\u00e7\u00e3o das pessoas singulares no que diz respeito ao tratamento de dados pessoais e \u00e0 livre circula\u00e7\u00e3o desses dados, voc\u00ea [&hellip;]<\/p>\n","protected":false},"author":6,"featured_media":0,"parent":0,"menu_order":0,"comment_status":"closed","ping_status":"closed","template":"","meta":{"_joinchat":[],"footnotes":""},"class_list":["post-1726","page","type-page","status-publish","hentry"],"_links":{"self":[{"href":"https:\/\/agrdeprado.eco\/pt-pt\/wp-json\/wp\/v2\/pages\/1726","targetHints":{"allow":["GET"]}}],"collection":[{"href":"https:\/\/agrdeprado.eco\/pt-pt\/wp-json\/wp\/v2\/pages"}],"about":[{"href":"https:\/\/agrdeprado.eco\/pt-pt\/wp-json\/wp\/v2\/types\/page"}],"author":[{"embeddable":true,"href":"https:\/\/agrdeprado.eco\/pt-pt\/wp-json\/wp\/v2\/users\/6"}],"replies":[{"embeddable":true,"href":"https:\/\/agrdeprado.eco\/pt-pt\/wp-json\/wp\/v2\/comments?post=1726"}],"version-history":[{"count":1,"href":"https:\/\/agrdeprado.eco\/pt-pt\/wp-json\/wp\/v2\/pages\/1726\/revisions"}],"predecessor-version":[{"id":1727,"href":"https:\/\/agrdeprado.eco\/pt-pt\/wp-json\/wp\/v2\/pages\/1726\/revisions\/1727"}],"wp:attachment":[{"href":"https:\/\/agrdeprado.eco\/pt-pt\/wp-json\/wp\/v2\/media?parent=1726"}],"curies":[{"name":"wp","href":"https:\/\/api.w.org\/{rel}","templated":true}]}}